{"id":3180,"date":"2023-07-05T10:49:17","date_gmt":"2023-07-05T10:49:17","guid":{"rendered":"https:\/\/www.eksproma.com.tr\/?page_id=3180"},"modified":"2023-07-16T12:22:42","modified_gmt":"2023-07-16T09:22:42","slug":"vizyonumuz-misyonumuz","status":"publish","type":"page","link":"https:\/\/www.eksproma.com.tr\/en\/vizyonumuz-misyonumuz\/","title":{"rendered":"Our Vision and Mission"},"content":{"rendered":"<section class=\"wpb-content-wrapper\"><div class=\"vc_row wpb_row row top-row\"><div class=\"vc_column_container col-md-12\"><div class=\"wpb_wrapper vc_column-inner\">\n\t<div class=\"wpb_text_column wpb_content_element\" >\n\t\t<div class=\"wpb_wrapper\">\n\t\t\t<h5><strong>OUR VISION<\/strong><\/h5>\n<p>In project designs, considering the optimum life span and expandability possibilities, to protect at the best price performance target, without sacrificing quality, in customer setup, in use and in future investments. European and international standards, projecting, material selection and panel design. By educating our engineers in the field of mechanical, process and power electronics, we will have common interests with our customers to create a broad perspective. Using experience and engineering software together to get the right result in a short way.<\/p>\n<h5><strong>OUR MISSION<\/strong><\/h5>\n<p>While your projects are in vain, our main goal is to protect long-term investments, to offer long structures that can be expanded, extendable life, to project and to have a good life.<\/p>\n<h5><strong>FUNDAMENTAL PRINCIPLES<\/strong><\/h5>\n<p>Experience, Innovative, Responsible, Honest, Continuity, Perfect Timing, Commitment and Self-confidence.<\/p>\n\n\t\t<\/div>\n\t<\/div>\n<\/div><\/div><\/div>\n<\/section>","protected":false},"excerpt":{"rendered":"V\u0130ZYONUMUZ Proje tasar\u0131mlar\u0131nda, optimum kullan\u0131m \u00f6mr\u00fcne ve geni\u015fleyebilirlik ihtimallerini g\u00f6z \u00f6n\u00fcnde bulundurarak, en iyi fiyat performans hedefiyle, kaliteden \u00f6d\u00fcn vermeden, m\u00fc\u015fteriyi kurulumda, kullan\u0131mda ve gelecek yat\u0131r\u0131mlarda korumak. Avrupa normlar\u0131nda uluslar aras\u0131 standartlarda, projelendirme, malzeme se\u00e7imi ve pano tasar\u0131m\u0131. M\u00fchendislerini, mekanik, proses ve g\u00fc\u00e7 elektroni\u011fi alan\u0131nda da e\u011fiterek geni\u015f bak\u0131\u015f a\u00e7\u0131s\u0131 yaratmak, m\u00fc\u015fterilerimizle birlikte ortak kazan\u00e7lar\u0131m\u0131z [...]","protected":false},"author":1,"featured_media":0,"parent":0,"menu_order":0,"comment_status":"closed","ping_status":"closed","template":"","meta":[],"_links":{"self":[{"href":"https:\/\/www.eksproma.com.tr\/en\/wp-json\/wp\/v2\/pages\/3180"}],"collection":[{"href":"https:\/\/www.eksproma.com.tr\/en\/wp-json\/wp\/v2\/pages"}],"about":[{"href":"https:\/\/www.eksproma.com.tr\/en\/wp-json\/wp\/v2\/types\/page"}],"author":[{"embeddable":true,"href":"https:\/\/www.eksproma.com.tr\/en\/wp-json\/wp\/v2\/users\/1"}],"replies":[{"embeddable":true,"href":"https:\/\/www.eksproma.com.tr\/en\/wp-json\/wp\/v2\/comments?post=3180"}],"version-history":[{"count":3,"href":"https:\/\/www.eksproma.com.tr\/en\/wp-json\/wp\/v2\/pages\/3180\/revisions"}],"predecessor-version":[{"id":3183,"href":"https:\/\/www.eksproma.com.tr\/en\/wp-json\/wp\/v2\/pages\/3180\/revisions\/3183"}],"wp:attachment":[{"href":"https:\/\/www.eksproma.com.tr\/en\/wp-json\/wp\/v2\/media?parent=3180"}],"curies":[{"name":"wp","href":"https:\/\/api.w.org\/{rel}","templated":true}]}}