{"id":3184,"date":"2023-07-05T10:58:31","date_gmt":"2023-07-05T10:58:31","guid":{"rendered":"https:\/\/www.eksproma.com.tr\/?page_id=3184"},"modified":"2023-07-16T12:23:53","modified_gmt":"2023-07-16T09:23:53","slug":"kalite-politikamiz","status":"publish","type":"page","link":"https:\/\/www.eksproma.com.tr\/en\/kalite-politikamiz\/","title":{"rendered":"Our Quality Policy"},"content":{"rendered":"<section class=\"wpb-content-wrapper\"><div class=\"vc_row wpb_row row top-row\"><div class=\"vc_column_container col-md-12\"><div class=\"wpb_wrapper vc_column-inner\">\n\t<div class=\"wpb_text_column wpb_content_element\" >\n\t\t<div class=\"wpb_wrapper\">\n\t\t\t<h5>As EKS PROMA<\/h5>\n<p>We aim to provide the continuity of customer satisfaction by adopting international standards, technology and quality as the main principle in all activities and to ensure continuous quality and timely delivery of products, reaching the highest quality at the lowest cost, ensuring the reliability of customers and employees' confidence in the company, To meet the requirements of the ISO 9001: 2008 Quality Management System Standard by applying the continuous improvement and improvement in all the units, by ensuring effective use of resources, by working in a mutual benefit based approach to solution partnership with suppliers, Continuous improvement of its effectiveness and continuous follow-up on the implementation of the quality policy and objectives it undertakes<\/p>\n\n\t\t<\/div>\n\t<\/div>\n<\/div><\/div><\/div>\n<\/section>","protected":false},"excerpt":{"rendered":"EKS PROMA olarak; Uluslararas\u0131 standartlar\u0131, teknolojiyi ve kaliteyi b\u00fct\u00fcn faaliyetlerde ana prensip kabul ederek m\u00fc\u015fteri memnuniyetinin s\u00fcreklili\u011fini sa\u011flamay\u0131, kaliteyi s\u00fcrekli k\u0131larak \u00fcr\u00fcnlerin zaman\u0131nda teslimini, en d\u00fc\u015f\u00fck maliyetle en y\u00fcksek kaliteye ula\u015fmay\u0131, m\u00fc\u015fterilerinin ve \u00e7al\u0131\u015fan personelinin firmaya duydu\u011fu g\u00fcvenin devaml\u0131l\u0131\u011f\u0131n\u0131 sa\u011flamay\u0131, gelece\u011fe y\u00f6nelik her t\u00fcrl\u00fc e\u011fitim ve bilin\u00e7lendirme \u00e7al\u0131\u015fmalar\u0131na gereken \u00f6nem ve hassasiyeti g\u00f6stererek personel verimlili\u011fini [...]","protected":false},"author":1,"featured_media":0,"parent":0,"menu_order":0,"comment_status":"closed","ping_status":"closed","template":"","meta":[],"_links":{"self":[{"href":"https:\/\/www.eksproma.com.tr\/en\/wp-json\/wp\/v2\/pages\/3184"}],"collection":[{"href":"https:\/\/www.eksproma.com.tr\/en\/wp-json\/wp\/v2\/pages"}],"about":[{"href":"https:\/\/www.eksproma.com.tr\/en\/wp-json\/wp\/v2\/types\/page"}],"author":[{"embeddable":true,"href":"https:\/\/www.eksproma.com.tr\/en\/wp-json\/wp\/v2\/users\/1"}],"replies":[{"embeddable":true,"href":"https:\/\/www.eksproma.com.tr\/en\/wp-json\/wp\/v2\/comments?post=3184"}],"version-history":[{"count":2,"href":"https:\/\/www.eksproma.com.tr\/en\/wp-json\/wp\/v2\/pages\/3184\/revisions"}],"predecessor-version":[{"id":3353,"href":"https:\/\/www.eksproma.com.tr\/en\/wp-json\/wp\/v2\/pages\/3184\/revisions\/3353"}],"wp:attachment":[{"href":"https:\/\/www.eksproma.com.tr\/en\/wp-json\/wp\/v2\/media?parent=3184"}],"curies":[{"name":"wp","href":"https:\/\/api.w.org\/{rel}","templated":true}]}}