{"id":3196,"date":"2023-07-05T11:38:54","date_gmt":"2023-07-05T11:38:54","guid":{"rendered":"https:\/\/www.eksproma.com.tr\/?page_id=3196"},"modified":"2023-07-16T12:25:57","modified_gmt":"2023-07-16T09:25:57","slug":"insan-kaynaklari","status":"publish","type":"page","link":"https:\/\/www.eksproma.com.tr\/en\/insan-kaynaklari\/","title":{"rendered":"Human Resources"},"content":{"rendered":"<section class=\"wpb-content-wrapper\"><div class=\"vc_row wpb_row row top-row\"><div class=\"vc_column_container col-md-12\"><div class=\"wpb_wrapper vc_column-inner\">\n\t<div class=\"wpb_text_column wpb_content_element \" >\n\t\t<div class=\"wpb_wrapper\">\n\t\t\t<h5>\u0130\u015e BA\u015eVURU FORMU<\/h5>\n<div id=\"quform-39bbaf\" class=\"quform quform-2 quform-theme-light quform-support-page-caching\"><form id=\"quform-form-39bbaf\" class=\"quform-form quform-form-2\" action=\"\/en\/wp-json\/wp\/v2\/pages\/3196#quform-39bbaf\" method=\"post\" enctype=\"multipart\/form-data\" novalidate=\"novalidate\" data-options=\"{&quot;id&quot;:2,&quot;uniqueId&quot;:&quot;39bbaf&quot;,&quot;theme&quot;:&quot;light&quot;,&quot;ajax&quot;:true,&quot;logic&quot;:{&quot;logic&quot;:[],&quot;dependents&quot;:[],&quot;elementIds&quot;:[],&quot;dependentElementIds&quot;:[],&quot;animate&quot;:true},&quot;currentPageId&quot;:1,&quot;errorsIcon&quot;:&quot;&quot;,&quot;updateFancybox&quot;:true,&quot;hasPages&quot;:false,&quot;pages&quot;:[1],&quot;pageProgressType&quot;:&quot;numbers&quot;,&quot;tooltipsEnabled&quot;:true,&quot;tooltipClasses&quot;:&quot;qtip-quform-dark qtip-shadow&quot;,&quot;tooltipMy&quot;:&quot;left center&quot;,&quot;tooltipAt&quot;:&quot;right center&quot;,&quot;isRtl&quot;:false,&quot;scrollOffset&quot;:-50,&quot;scrollSpeed&quot;:800}\"><button class=\"quform-default-submit\" name=\"quform_submit\" type=\"submit\" value=\"submit\" aria-hidden=\"true\" tabindex=\"-1\"><\/button><div class=\"quform-form-inner quform-form-inner-2\"><input type=\"hidden\" name=\"quform_form_id\" value=\"2\" \/><input type=\"hidden\" name=\"quform_form_uid\" value=\"39bbaf\" \/><input type=\"hidden\" name=\"quform_count\" value=\"1\" \/><input type=\"hidden\" name=\"form_url\" value=\"https:\/\/www.eksproma.com.tr\/en\/wp-json\/wp\/v2\/pages\/3196\" \/><input type=\"hidden\" name=\"referring_url\" value=\"\" \/><input type=\"hidden\" name=\"post_id\" value=\"\" \/><input type=\"hidden\" name=\"post_title\" value=\"\" \/><input type=\"hidden\" name=\"quform_current_page_id\" value=\"1\" \/><input type=\"hidden\" name=\"quform_csrf_token\" value=\"BkJ9lqqQeKjp0KknRgclomAfBrpvOSnvpiHZ6xj6\" \/><div class=\"quform-elements quform-elements-2 quform-cf quform-responsive-elements-phone-landscape\"><div class=\"quform-element quform-element-page quform-page-1 quform-page-2_1 quform-cf quform-group-style-plain quform-first-page quform-last-page quform-current-page\"><div class=\"quform-child-elements\"><div class=\"quform-element quform-element-row quform-element-row-2_7 quform-2-columns quform-element-row-size-fixed quform-responsive-columns-phone-landscape\"><div class=\"quform-element quform-element-column quform-element-2_8\"><div class=\"quform-element quform-element-text quform-element-2_15 quform-cf quform-labels-inside quform-element-required\"><div class=\"quform-spacer\"><div class=\"quform-label quform-label-2_15\"><label class=\"quform-label-text\" for=\"quform_2_15_39bbaf\">Ad\u0131n\u0131z &amp; Soyad\u0131n\u0131z<span class=\"quform-required\">*<\/span><\/label><\/div><div class=\"quform-inner quform-inner-text quform-inner-2_15\"><div class=\"quform-input quform-input-text quform-input-2_15 quform-cf\"><input type=\"text\" id=\"quform_2_15_39bbaf\" name=\"quform_2_15\" class=\"quform-field quform-field-text quform-field-2_15\" \/><\/div><\/div><\/div><\/div><\/div><div class=\"quform-element quform-element-column quform-element-2_9\"><div class=\"quform-element quform-element-email quform-element-2_4 quform-cf quform-labels-inside quform-element-required\"><div class=\"quform-spacer\"><div class=\"quform-label quform-label-2_4\"><label class=\"quform-label-text\" for=\"quform_2_4_39bbaf\">E-posta adresiniz<span class=\"quform-required\">*<\/span><\/label><\/div><div class=\"quform-inner quform-inner-email quform-inner-2_4\"><div class=\"quform-input quform-input-email quform-input-2_4 quform-cf\"><input type=\"email\" id=\"quform_2_4_39bbaf\" name=\"quform_2_4\" class=\"quform-field quform-field-email quform-field-2_4\" \/><\/div><\/div><\/div><\/div><\/div><\/div><div class=\"quform-element quform-element-row quform-element-row-2_10 quform-2-columns quform-element-row-size-fixed quform-responsive-columns-phone-landscape\"><div class=\"quform-element quform-element-column quform-element-2_11\"><div class=\"quform-element quform-element-text quform-element-2_5 quform-cf quform-labels-inside quform-element-required\"><div class=\"quform-spacer\"><div class=\"quform-label quform-label-2_5\"><label class=\"quform-label-text\" for=\"quform_2_5_39bbaf\">Telefon Numaran\u0131z<span class=\"quform-required\">*<\/span><\/label><\/div><div class=\"quform-inner quform-inner-text quform-inner-2_5\"><div class=\"quform-input quform-input-text quform-input-2_5 quform-cf\"><input type=\"text\" id=\"quform_2_5_39bbaf\" name=\"quform_2_5\" class=\"quform-field quform-field-text quform-field-2_5\" \/><\/div><\/div><\/div><\/div><\/div><div class=\"quform-element quform-element-column quform-element-2_12\"><div class=\"quform-element quform-element-text quform-element-2_13 quform-cf quform-labels-inside quform-element-required\"><div class=\"quform-spacer\"><div class=\"quform-label quform-label-2_13\"><label class=\"quform-label-text\" for=\"quform_2_13_39bbaf\">\u00c7al\u0131\u015fmak istedi\u011finiz b\u00f6l\u00fcm?<span class=\"quform-required\">*<\/span><\/label><\/div><div class=\"quform-inner quform-inner-text quform-inner-2_13\"><div class=\"quform-input quform-input-text quform-input-2_13 quform-cf\"><input type=\"text\" id=\"quform_2_13_39bbaf\" name=\"quform_2_13\" class=\"quform-field quform-field-text quform-field-2_13\" \/><\/div><\/div><\/div><\/div><\/div><\/div><div class=\"quform-element quform-element-textarea quform-element-2_14 quform-cf quform-labels-inside quform-element-optional\"><div class=\"quform-spacer\"><div class=\"quform-label quform-label-2_14\"><label class=\"quform-label-text\" for=\"quform_2_14_39bbaf\">Eklemek istedikleriniz<\/label><\/div><div class=\"quform-inner quform-inner-textarea quform-inner-2_14\"><div class=\"quform-input quform-input-textarea quform-input-2_14 quform-cf\"><textarea id=\"quform_2_14_39bbaf\" name=\"quform_2_14\" class=\"quform-field quform-field-textarea quform-field-2_14\"><\/textarea><\/div><\/div><\/div><\/div><div class=\"quform-element quform-element-file quform-element-2_6 quform-cf quform-element-optional\"><div class=\"quform-spacer\"><div class=\"quform-label quform-label-2_6\"><label class=\"quform-label-text\" for=\"quform_2_6_39bbaf\">Kendi CV'nizi y\u00fckleyin<\/label><\/div><div class=\"quform-inner quform-inner-file quform-inner-2_6\"><div class=\"quform-input quform-input-file quform-input-2_6 quform-cf quform-button-style-theme quform-button-width-small\"><input type=\"file\" id=\"quform_2_6_39bbaf\" name=\"quform_2_6[]\" class=\"quform-field quform-field-file quform-field-2_6 quform-field-file-enhanced\" data-config=\"{&quot;id&quot;:6,&quot;identifier&quot;:&quot;2_6&quot;,&quot;name&quot;:&quot;quform_2_6&quot;,&quot;max&quot;:1,&quot;size&quot;:10485760,&quot;allowedExtensions&quot;:[&quot;doc&quot;,&quot;docx&quot;,&quot;pdf&quot;,&quot;xls&quot;,&quot;jpg&quot;,&quot;jpeg&quot;],&quot;notAllowedTypeWithFilename&quot;:&quot;File type of &#039;%filename%&#039; is not allowed&quot;,&quot;tooBigWithFilename&quot;:&quot;File &#039;%filename%&#039; exceeds the maximum allowed file size&quot;,&quot;tooMany&quot;:&quot;You cannot upload more than %max% file(s)&quot;,&quot;buttonType&quot;:&quot;button&quot;,&quot;buttonText&quot;:&quot;Dosya Y\\u00fckle&quot;,&quot;buttonIcon&quot;:&quot;qicon-file_upload&quot;,&quot;buttonIconPosition&quot;:&quot;right&quot;}\" \/><\/div><p class=\"quform-description quform-description-below\">(Yaln\u0131zca .doc \/ .docx \/ .pdf \/ .xls \/ .jpg)<\/p><\/div><\/div><\/div><div class=\"quform-element quform-element-captcha quform-element-2_19 quform-cf quform-element-required\"><div class=\"quform-spacer\"><div class=\"quform-label quform-label-2_19\"><label class=\"quform-label-text\" for=\"quform_2_19_39bbaf\">L\u00fctfen karakterleri yaz\u0131n<span class=\"quform-required\">*<\/span><\/label><\/div><div class=\"quform-inner quform-inner-captcha quform-inner-2_19\"><div class=\"quform-input quform-input-captcha quform-input-2_19 quform-cf\"><input type=\"text\" id=\"quform_2_19_39bbaf\" name=\"quform_2_19\" class=\"quform-field quform-field-captcha quform-field-2_19\" \/><\/div><div class=\"quform-captcha quform-cf\"><div class=\"quform-captcha-image quform-captcha-image-2_19\"><img class=\"quform-captcha-image-img\" src=\"data:image\/png;base64,iVBORw0KGgoAAAANSUhEUgAAAOYAAABQBAMAAAD\/1xTgAAAAG1BMVEX\/\/\/8iIiLHx8esrKyQkJBZWVk9PT3j4+N0dHT5UmdPAAAACXBIWXMAAA7EAAAOxAGVKw4bAAADa0lEQVRoge1YS3PTMBB27CTSkS1NyNGmMPRYp8PQY9MOoUcCQ9tjNRTaYzKBwrEehvC3WfkRW8+oadMZBn0367GftNr9VnIQeHh4eHh4eHj8S3g+fXRKCp81reTt1\/N4Y5wtgOs3SmsGAP29TXF20DrI1vNG6Fknhgv4suaqyAit30qNWc6pNKtj7KQ7RtJMMU7QscOXAM8s9gpXbNko23Bo6popy6UAVzgDnloMjnLOgY2zAxemrgRASpcuXwW174LBYJraj7yNBog+E0fQF74J3zmfAU\/M9kJ+IKl9nyEMdpneV5k4M2S9LF\/\/2BYhEUAcUHZm40RfAGwbeoS15MHRG1qN5ftcMSIIXvMkv9X1ECk+aZEnvdjGyPIxh6uWBZd6K+ilq\/3jV3XDuCC9sJjrFkNsuZRvBt7ru8p9XdYB9u1hOIP5d9OIcn7jsDFiLxdWiXHyLTdkyPBZyVn7oaNVPXLwqbEM6hBD6F3MiOid2pEi3fnJpCHpXY2Ozn+Lp+PEiSmB6a\/JYZTbs0J1K6KZLEzh\/pRJmu\/GmWESjzQDWSFDnXobiWCPvFgA\/OGUzTLrxpngMhPklUBKWY1qqRs1ZTQqdnhyLCqkG2cLo7+lhlrF1ZCGSVMMeVj3f\/EMF\/TcjZPifrpqQNLSpw1OQQwpnOY7bIvK6cYZ4eo1nN0yzcKlb4lYxKZhHl1UrGxunAHAUaYmwQyKM46WyhPKRYxhBccYk1XZhTO\/yyklNC0n02UqtGXdS\/j5dsVGR84b4FcOdSVFbNRCQGUZojxfZ6JeO3KSMY8\/GayMjVoIVBliyJeIId9249SjCph0mX8tkLM4wTGp2Lg+5zxehk51QzkZJoo5iusZiXro6FsNGEyqilQmJdVd4AmDvUlThtp5IVID0gFhfVuvJKGoptdS\/UnhijXLw8zhnm8AKUrvx6BOz6gsprEwkMJAkKF7cAY\/y3o\/j9uVj6OF5gpApGdCdAo4s7fey5UccNYz4Oc6bbbF4rh05eXnrqz7sjt3jqRRHeMVbk3WYRFL8MEyZvWF667YneSklvNharW\/N3Z4BTD08b8c0jvqgbDLDI+sG6wMkfUtuj4MT0VUxW1U3IuNcJowga1ISZ4NI\/9ZsRnXGsFr\/YofJA8OsoC+5s2xYfx4dEYPDw8PD4\/\/Dn8Bq4R9vKT0SyMAAAAASUVORK5CYII=\" alt=\"CAPTCHA image\" data-element-id=\"19\" width=\"115\" height=\"40\" \/><\/div><\/div><p class=\"quform-description quform-description-below\">Bu spam \u00f6nlememize yard\u0131mc\u0131 olur, te\u015fekk\u00fcrler.<\/p><\/div><\/div><\/div><div class=\"quform-element quform-element-submit quform-element-2_2 quform-cf quform-button-style-theme quform-button-width-small\"><div class=\"quform-button-submit quform-button-submit-default quform-button-submit-2_2\" data-animation=\"one\"><button name=\"quform_submit\" type=\"submit\" class=\"quform-submit\" value=\"submit\"><span class=\"quform-button-text quform-button-submit-text\">Send<\/span><\/button><\/div><div class=\"quform-loading quform-loading-position-left quform-loading-type-spinner-1\"><div class=\"quform-loading-inner\"><div class=\"quform-loading-spinner\"><div class=\"quform-loading-spinner-inner\"><\/div><\/div><\/div><\/div><\/div><div class=\"quform-element-tree\"><label for=\"quform_2_0_39bbaf\">This field should be left blank<\/label><input type=\"text\" id=\"quform_2_0_39bbaf\" name=\"quform_2_0\" class=\"quform-field quform-field-tree quform-field-2_0\" tabindex=\"-1\" autocomplete=\"off\" \/><\/div><\/div><\/div><\/div><div class=\"quform-upload-progress-wrap\"><div class=\"quform-upload-progress-bar-wrap\"><div class=\"quform-upload-progress-bar\"><\/div><\/div><div class=\"quform-upload-info quform-cf\"><div class=\"quform-upload-filename\"><\/div><\/div><\/div><\/div><\/form><\/div>\n\n\t\t<\/div>\n\t<\/div>\n<\/div><\/div><\/div>\n<\/section>","protected":false},"excerpt":{"rendered":"\u0130\u015e BA\u015eVURU FORMU Ad\u0131n\u0131z &amp; Soyad\u0131n\u0131z*E-posta adresiniz*Telefon Numaran\u0131z*\u00c7al\u0131\u015fmak istedi\u011finiz b\u00f6l\u00fcm?*Eklemek istediklerinizKendi CV'nizi y\u00fckleyin(Yaln\u0131zca .doc \/ .docx \/ .pdf \/ .xls \/ .jpg)L\u00fctfen karakterleri yaz\u0131n*Bu spam \u00f6nlememize yard\u0131mc\u0131 olur, te\u015fekk\u00fcrler.SendThis field should be left blank","protected":false},"author":1,"featured_media":0,"parent":0,"menu_order":0,"comment_status":"closed","ping_status":"closed","template":"","meta":[],"_links":{"self":[{"href":"https:\/\/www.eksproma.com.tr\/en\/wp-json\/wp\/v2\/pages\/3196"}],"collection":[{"href":"https:\/\/www.eksproma.com.tr\/en\/wp-json\/wp\/v2\/pages"}],"about":[{"href":"https:\/\/www.eksproma.com.tr\/en\/wp-json\/wp\/v2\/types\/page"}],"author":[{"embeddable":true,"href":"https:\/\/www.eksproma.com.tr\/en\/wp-json\/wp\/v2\/users\/1"}],"replies":[{"embeddable":true,"href":"https:\/\/www.eksproma.com.tr\/en\/wp-json\/wp\/v2\/comments?post=3196"}],"version-history":[{"count":3,"href":"https:\/\/www.eksproma.com.tr\/en\/wp-json\/wp\/v2\/pages\/3196\/revisions"}],"predecessor-version":[{"id":3354,"href":"https:\/\/www.eksproma.com.tr\/en\/wp-json\/wp\/v2\/pages\/3196\/revisions\/3354"}],"wp:attachment":[{"href":"https:\/\/www.eksproma.com.tr\/en\/wp-json\/wp\/v2\/media?parent=3196"}],"curies":[{"name":"wp","href":"https:\/\/api.w.org\/{rel}","templated":true}]}}