{"id":55,"date":"2016-06-13T15:48:45","date_gmt":"2016-06-13T15:48:45","guid":{"rendered":"http:\/\/sw-themes.com\/porto_dummy\/?page_id=55"},"modified":"2023-07-16T12:21:46","modified_gmt":"2023-07-16T09:21:46","slug":"hakkimizda","status":"publish","type":"page","link":"https:\/\/www.eksproma.com.tr\/en\/hakkimizda\/","title":{"rendered":"About Us"},"content":{"rendered":"<section class=\"wpb-content-wrapper\"><div class=\"vc_row wpb_row row top-row\"><div class=\"vc_column_container col-md-12\"><div class=\"wpb_wrapper vc_column-inner\">\n\t<div class=\"wpb_text_column wpb_content_element\" >\n\t\t<div class=\"wpb_wrapper\">\n\t\t\t<p>Established in 2004, our company provides PLC, AC, DC and Servo drivers and their related motors in turn-key, complex automation projects or individual panels in the direction of the user's request. In addition, we are interested in issues such as commissioning of these systems, services, software user training for special applications and produce fast solutions according to the new and changing requirements of the market.<\/p>\n<p>We are the system integrator of Leroy Somer, Control Techniques of Nidec Autmation Group and Rockwell Autmation, Allen Bradley brands. Also our company sells and uses globally accepted Eaton Switch products, Asco-Numatics Pneumatic systems and Wago Fasteners and Fieldbus products in the Marmara region.<\/p>\n<p>EKS PROMA also the only authorized sales distributor of Spanish Obeki brand engines in Turkey.<\/p>\n\n\t\t<\/div>\n\t<\/div>\n<\/div><\/div><\/div>\n<\/section>","protected":false},"excerpt":{"rendered":"2004 y\u0131l\u0131nda kurulan firmam\u0131z kullan\u0131c\u0131n\u0131n iste\u011fi do\u011frultusunda, PLC, AC, DC ve Servo s\u00fcr\u00fcc\u00fcleri ile bunlara ait motorlar\u0131, frenleri ve red\u00fckt\u00f6rleri anahtar teslimi, komple otomasyon projeleri veya tek tek olarak panolar i\u00e7inde sa\u011flamaktad\u0131r. Ayr\u0131ca istenen bu sistemlerin devreye al\u0131nmas\u0131n\u0131, servisini ve \u00f6zel uygulamalar i\u00e7in yaz\u0131l\u0131m ve kullan\u0131c\u0131 e\u011fitimi gibi konularla ilgilenmekte, pazar\u0131n yeni ve de\u011fi\u015fen gereksinimlerine [...]","protected":false},"author":1,"featured_media":0,"parent":0,"menu_order":0,"comment_status":"closed","ping_status":"closed","template":"","meta":[],"_links":{"self":[{"href":"https:\/\/www.eksproma.com.tr\/en\/wp-json\/wp\/v2\/pages\/55"}],"collection":[{"href":"https:\/\/www.eksproma.com.tr\/en\/wp-json\/wp\/v2\/pages"}],"about":[{"href":"https:\/\/www.eksproma.com.tr\/en\/wp-json\/wp\/v2\/types\/page"}],"author":[{"embeddable":true,"href":"https:\/\/www.eksproma.com.tr\/en\/wp-json\/wp\/v2\/users\/1"}],"replies":[{"embeddable":true,"href":"https:\/\/www.eksproma.com.tr\/en\/wp-json\/wp\/v2\/comments?post=55"}],"version-history":[{"count":3,"href":"https:\/\/www.eksproma.com.tr\/en\/wp-json\/wp\/v2\/pages\/55\/revisions"}],"predecessor-version":[{"id":3179,"href":"https:\/\/www.eksproma.com.tr\/en\/wp-json\/wp\/v2\/pages\/55\/revisions\/3179"}],"wp:attachment":[{"href":"https:\/\/www.eksproma.com.tr\/en\/wp-json\/wp\/v2\/media?parent=55"}],"curies":[{"name":"wp","href":"https:\/\/api.w.org\/{rel}","templated":true}]}}