{"id":60,"date":"2016-06-14T01:43:48","date_gmt":"2016-06-14T01:43:48","guid":{"rendered":"http:\/\/sw-themes.com\/porto_dummy\/?page_id=60"},"modified":"2023-07-16T13:34:46","modified_gmt":"2023-07-16T10:34:46","slug":"faaliyet-alanlarimiz","status":"publish","type":"page","link":"https:\/\/www.eksproma.com.tr\/en\/faaliyet-alanlarimiz\/","title":{"rendered":"Areas Of Activity"},"content":{"rendered":"<section class=\"wpb-content-wrapper\"><div class=\"vc_row wpb_row row top-row\"><div class=\"vc_column_container col-md-12\"><div class=\"wpb_wrapper vc_column-inner\">\n\t<div class=\"wpb_text_column wpb_content_element\" >\n\t\t<div class=\"wpb_wrapper\">\n\t\t\t<p style=\"text-align: center;\">Since 2004, when our company started its activities, it has been serving to the following subjects by our specialized teams in the fields of electricity-automation-industrial material and consultancy services.<\/p>\n\n\t\t<\/div>\n\t<\/div>\n<\/div><\/div><\/div><div class=\"vc_row wpb_row top-row section-info-boxes vc_custom_1689503746342 section section-parallax section-text-dark mt-0 mb-0 section-no-borders porto-inner-container\"><div class=\"porto-wrap-container container\"><div class=\"row\"><div class=\"vc_column_container col-md-12\"><div class=\"wpb_wrapper vc_column-inner\">\n\t<div class=\"wpb_text_column wpb_content_element\" >\n\t\t<div class=\"wpb_wrapper\">\n\t\t\t<h3 style=\"text-align: center;\"><strong>Fields of Activity<\/strong><\/h3>\n\n\t\t<\/div>\n\t<\/div>\n<\/div><\/div><div class=\"vc_column_container col-md-12\"><div class=\"wpb_wrapper vc_column-inner\"><div class=\"vc_row wpb_row vc_inner row\"><div class=\"vc_column_container col-md-4\"><div class=\"wpb_wrapper vc_column-inner\"><div class=\"porto-sicon-box pb-4  wpb_custom_1efe903570d178ff0a9b7bfa5febd3a4 style_1 left-icon\"><div class=\"porto-sicon-left\"><div id=\"porto-icon-39093960969ebabb31d8fb\" class=\"porto-just-icon-wrapper porto-sicon-img\" style=\"font-size: 65px;\"><img class=\"img-icon\" alt=\"\" src=\"https:\/\/www.eksproma.com.tr\/wp-content\/uploads\/2023\/07\/end-sis-coz.svg\" width=\"512\" height=\"512\" \/><\/div><\/div><div class=\"porto-sicon-body\"><div class=\"porto-sicon-header\"><h3 class=\"porto-sicon-title\" style=\"font-weight:700;font-size:1.2em;line-height:1;\">Industrial System Solutions<\/h3><\/div> <!-- header --><div class=\"porto-sicon-description\" style=\"color:rgba(0,0,0,0.7);\">\n<ul>\n<li>Consultancy<\/li>\n<li>Design<\/li>\n<li>Projecting<\/li>\n<li>Application<\/li>\n<\/ul>\n<p><\/div> <!-- description --><\/div><\/div><!-- porto-sicon-box --><\/div><\/div><div class=\"vc_column_container col-md-4\"><div class=\"wpb_wrapper vc_column-inner\"><div class=\"porto-sicon-box pb-4  wpb_custom_1efe903570d178ff0a9b7bfa5febd3a4 style_1 left-icon\"><div class=\"porto-sicon-left\"><div id=\"porto-icon-72788580169ebabb31e18c\" class=\"porto-just-icon-wrapper porto-sicon-img\" style=\"font-size: 65px;\"><img class=\"img-icon\" alt=\"\" src=\"https:\/\/www.eksproma.com.tr\/wp-content\/uploads\/2023\/07\/f-m-o.svg\" width=\"661\" height=\"661\" \/><\/div><\/div><div class=\"porto-sicon-body\"><div class=\"porto-sicon-header\"><h3 class=\"porto-sicon-title\" style=\"font-weight:700;font-size:1.2em;line-height:1;\">Factory \/ Machine Automation<\/h3><\/div> <!-- header --><div class=\"porto-sicon-description\" style=\"color:rgba(0,0,0,0.7);\">\n<ul>\n<li>Design<\/li>\n<li>Projecting<\/li>\n<li>Application<\/li>\n<li>Commissioning<\/li>\n<\/ul>\n<p><\/div> <!-- description --><\/div><\/div><!-- porto-sicon-box --><\/div><\/div><div class=\"vc_column_container col-md-4\"><div class=\"wpb_wrapper vc_column-inner\"><div class=\"porto-sicon-box pb-4  wpb_custom_1efe903570d178ff0a9b7bfa5febd3a4 style_1 left-icon\"><div class=\"porto-sicon-left\"><div id=\"porto-icon-36302310269ebabb31e9c6\" class=\"porto-just-icon-wrapper porto-sicon-img\" style=\"font-size: 65px;\"><img class=\"img-icon\" alt=\"\" src=\"https:\/\/www.eksproma.com.tr\/wp-content\/uploads\/2023\/07\/taahhut.svg\" width=\"512\" height=\"512\" \/><\/div><\/div><div class=\"porto-sicon-body\"><div class=\"porto-sicon-header\"><h3 class=\"porto-sicon-title\" style=\"font-weight:700;font-size:1.2em;line-height:1;\">Contracting Jobs<\/h3><\/div> <!-- header --><div class=\"porto-sicon-description\" style=\"color:rgba(0,0,0,0.7);\">\n<ul>\n<li>Electrical<\/li>\n<li>Automation<\/li>\n<li>Mechanic<\/li>\n<\/ul>\n<p><\/div> <!-- description --><\/div><\/div><!-- porto-sicon-box --><\/div><\/div><\/div><div class=\"vc_row wpb_row vc_inner row\"><div class=\"vc_column_container col-md-4\"><div class=\"wpb_wrapper vc_column-inner\"><div class=\"porto-sicon-box pb-4  wpb_custom_1efe903570d178ff0a9b7bfa5febd3a4 style_1 left-icon\"><div class=\"porto-sicon-left\"><div id=\"porto-icon-64656666569ebabb31f4e0\" class=\"porto-just-icon-wrapper porto-sicon-img\" style=\"font-size: 65px;\"><img class=\"img-icon\" alt=\"\" src=\"https:\/\/www.eksproma.com.tr\/wp-content\/uploads\/2023\/07\/vinc-otomasyonu.svg\" width=\"682\" height=\"682\" \/><\/div><\/div><div class=\"porto-sicon-body\"><div class=\"porto-sicon-header\"><h3 class=\"porto-sicon-title\" style=\"font-weight:700;font-size:1.2em;line-height:1;\">Crane Automation<\/h3><\/div> <!-- header --><div class=\"porto-sicon-description\" style=\"color:rgba(0,0,0,0.7);\">\n<ul>\n<li>Process Cranes Automation<\/li>\n<li>Anti-Sway Systems<\/li>\n<\/ul>\n<p><\/div> <!-- description --><\/div><\/div><!-- porto-sicon-box --><\/div><\/div><div class=\"vc_column_container col-md-4\"><div class=\"wpb_wrapper vc_column-inner\"><div class=\"porto-sicon-box pb-4  wpb_custom_1efe903570d178ff0a9b7bfa5febd3a4 style_1 left-icon\"><div class=\"porto-sicon-left\"><div id=\"porto-icon-37943864869ebabb31fd57\" class=\"porto-just-icon-wrapper porto-sicon-img\" style=\"font-size: 65px;\"><img class=\"img-icon\" alt=\"\" src=\"https:\/\/www.eksproma.com.tr\/wp-content\/uploads\/2023\/07\/plc-1.svg\" width=\"64\" height=\"64\" \/><\/div><\/div><div class=\"porto-sicon-body\"><div class=\"porto-sicon-header\"><h3 class=\"porto-sicon-title\" style=\"font-weight:700;font-size:1.2em;line-height:1;\">Retrofit of Legacy PLC and Drives<\/h3><\/div> <!-- header --><div class=\"porto-sicon-description\" style=\"color:rgba(0,0,0,0.7);\">\n<ul>\n<li>Rockwell PLC Retrofit<\/li>\n<li>Reliance AUTOMAX PLC Retrofit<\/li>\n<li>Siemens S5 PLC Retrofit<\/li>\n<\/ul>\n<p><\/div> <!-- description --><\/div><\/div><!-- porto-sicon-box --><\/div><\/div><div class=\"vc_column_container col-md-4\"><div class=\"wpb_wrapper vc_column-inner\"><div class=\"porto-sicon-box pb-4  wpb_custom_1efe903570d178ff0a9b7bfa5febd3a4 style_1 left-icon\"><div class=\"porto-sicon-left\"><div id=\"porto-icon-83421998469ebabb3204b4\" class=\"porto-just-icon-wrapper porto-sicon-img\" style=\"font-size: 65px;\"><img class=\"img-icon\" alt=\"\" src=\"https:\/\/www.eksproma.com.tr\/wp-content\/uploads\/2023\/07\/servo.svg\" width=\"682\" height=\"682\" \/><\/div><\/div><div class=\"porto-sicon-body\"><div class=\"porto-sicon-header\"><h3 class=\"porto-sicon-title\" style=\"font-weight:700;font-size:1.2em;line-height:1;\">Servomotor Applications<\/h3><\/div> <!-- header --><div class=\"porto-sicon-description\" style=\"color:rgba(0,0,0,0.7);\">\n<ul>\n<li>Position Control<\/li>\n<li>Multi-Axis Applications<\/li>\n<\/ul>\n<p><\/div> <!-- description --><\/div><\/div><!-- porto-sicon-box --><\/div><\/div><\/div><div class=\"vc_row wpb_row vc_inner row\"><div class=\"vc_column_container col-md-4\"><div class=\"wpb_wrapper vc_column-inner\"><div class=\"porto-sicon-box pb-4  wpb_custom_1efe903570d178ff0a9b7bfa5febd3a4 style_1 left-icon\"><div class=\"porto-sicon-left\"><div id=\"porto-icon-108989972169ebabb320eec\" class=\"porto-just-icon-wrapper porto-sicon-img\" style=\"font-size: 65px;\"><img class=\"img-icon\" alt=\"\" src=\"https:\/\/www.eksproma.com.tr\/wp-content\/uploads\/2023\/07\/makine-tasima.svg\" width=\"512\" height=\"512\" \/><\/div><\/div><div class=\"porto-sicon-body\"><div class=\"porto-sicon-header\"><h3 class=\"porto-sicon-title\" style=\"font-weight:700;font-size:1.2em;line-height:1;\">Machinery Transportation and Assembly<\/h3><\/div> <!-- header --><div class=\"porto-sicon-description\" style=\"color:rgba(0,0,0,0.7);\">\n<ul>\n<li>Domestic<\/li>\n<li>Abroad<\/li>\n<\/ul>\n<p><\/div> <!-- description --><\/div><\/div><!-- porto-sicon-box --><\/div><\/div><div class=\"vc_column_container col-md-4\"><div class=\"wpb_wrapper vc_column-inner\"><div class=\"porto-sicon-box pb-4  wpb_custom_1efe903570d178ff0a9b7bfa5febd3a4 style_1 left-icon\"><div class=\"porto-sicon-left\"><div id=\"porto-icon-159383640769ebabb3215ef\" class=\"porto-just-icon-wrapper porto-sicon-img\" style=\"font-size: 65px;\"><img class=\"img-icon\" alt=\"\" src=\"https:\/\/www.eksproma.com.tr\/wp-content\/uploads\/2023\/07\/yedek-parca.svg\" width=\"64\" height=\"64\" \/><\/div><\/div><div class=\"porto-sicon-body\"><div class=\"porto-sicon-header\"><h3 class=\"porto-sicon-title\" style=\"font-weight:700;font-size:1.2em;line-height:1;\">Product Supply and Sales<\/h3><\/div> <!-- header --><div class=\"porto-sicon-description\" style=\"color:rgba(0,0,0,0.7);\">\n<ul>\n<li>Rockwell Automation<\/li>\n<li>Nidec Industrial Automation<\/li>\n<li>Obeki Motors<\/li>\n<li>Eaton Electric<\/li>\n<\/ul>\n<p><\/div> <!-- description --><\/div><\/div><!-- porto-sicon-box --><\/div><\/div><div class=\"vc_column_container col-md-4\"><div class=\"wpb_wrapper vc_column-inner\"><div class=\"porto-sicon-box pb-4  wpb_custom_1efe903570d178ff0a9b7bfa5febd3a4 style_1 left-icon\"><div class=\"porto-sicon-left\"><div id=\"porto-icon-155433065969ebabb321d5e\" class=\"porto-just-icon-wrapper porto-sicon-img\" style=\"font-size: 65px;\"><img class=\"img-icon\" alt=\"\" src=\"https:\/\/www.eksproma.com.tr\/wp-content\/uploads\/2023\/07\/teknik-destek.svg\" width=\"682\" height=\"682\" \/><\/div><\/div><div class=\"porto-sicon-body\"><div class=\"porto-sicon-header\"><h3 class=\"porto-sicon-title\" style=\"font-weight:700;font-size:1.2em;line-height:1;\">Technical Support &amp; Training<\/h3><\/div> <!-- header --><div class=\"porto-sicon-description\" style=\"color:rgba(0,0,0,0.7);\">\n<ul>\n<li>Rockwell Automation<\/li>\n<li>Nidec<\/li>\n<li>Obeki<\/li>\n<li>Automation Systems<\/li>\n<li>Drivers<\/li>\n<\/ul>\n<p><\/div> <!-- description --><\/div><\/div><!-- porto-sicon-box --><\/div><\/div><\/div><\/div><\/div><div class=\"vc_column_container col-md-12\"><div class=\"wpb_wrapper vc_column-inner\"><\/div><\/div><\/div><\/div><\/div>\n<\/section>","protected":false},"excerpt":{"rendered":"Faaliyetlerimize ba\u015flad\u0131\u011f\u0131m\u0131z 2004 y\u0131l\u0131ndan itibaren elektrik, otomasyon, end\u00fcstriyel malzeme temini ve dan\u0131\u015fmanl\u0131k hizmetleri alan\u0131nda uzmanla\u015fm\u0131\u015f ekiplerimizle a\u015fa\u011f\u0131daki konularda hizmet vermektedir. Ana Hizmet Konular\u0131m\u0131z End\u00fcstriyel Sistem \u00c7\u00f6z\u00fcmleri Dan\u0131\u015fmanl\u0131k Tasar\u0131m Projelendirme Uygulama Fabrika \/ Makina Otomasyonu Tasar\u0131m Projelendirme Uygulama Devreye Alma Taahh\u00fct \u0130\u015fleri Elektrik Otomasyon Mekanik Vin\u00e7 Otomasyonu Proses Vin\u00e7leri Otomasyonu Sal\u0131n\u0131m \u00d6nleme Sistemleri Eski PLC ve [...]","protected":false},"author":1,"featured_media":0,"parent":0,"menu_order":0,"comment_status":"closed","ping_status":"closed","template":"","meta":[],"_links":{"self":[{"href":"https:\/\/www.eksproma.com.tr\/en\/wp-json\/wp\/v2\/pages\/60"}],"collection":[{"href":"https:\/\/www.eksproma.com.tr\/en\/wp-json\/wp\/v2\/pages"}],"about":[{"href":"https:\/\/www.eksproma.com.tr\/en\/wp-json\/wp\/v2\/types\/page"}],"author":[{"embeddable":true,"href":"https:\/\/www.eksproma.com.tr\/en\/wp-json\/wp\/v2\/users\/1"}],"replies":[{"embeddable":true,"href":"https:\/\/www.eksproma.com.tr\/en\/wp-json\/wp\/v2\/comments?post=60"}],"version-history":[{"count":7,"href":"https:\/\/www.eksproma.com.tr\/en\/wp-json\/wp\/v2\/pages\/60\/revisions"}],"predecessor-version":[{"id":3365,"href":"https:\/\/www.eksproma.com.tr\/en\/wp-json\/wp\/v2\/pages\/60\/revisions\/3365"}],"wp:attachment":[{"href":"https:\/\/www.eksproma.com.tr\/en\/wp-json\/wp\/v2\/media?parent=60"}],"curies":[{"name":"wp","href":"https:\/\/api.w.org\/{rel}","templated":true}]}}