{"id":73,"date":"2016-06-14T06:15:58","date_gmt":"2016-06-14T06:15:58","guid":{"rendered":"http:\/\/sw-themes.com\/porto_dummy\/?page_id=73"},"modified":"2023-07-17T13:18:16","modified_gmt":"2023-07-17T10:18:16","slug":"iletisim","status":"publish","type":"page","link":"https:\/\/www.eksproma.com.tr\/en\/iletisim\/","title":{"rendered":"Contact"},"content":{"rendered":"<section class=\"wpb-content-wrapper\"><div class=\"vc_row wpb_row top-row m-b-xl porto-inner-container\"><div class=\"porto-wrap-container container\"><div class=\"row\"><div class=\"vc_column_container col-md-12\"><div class=\"wpb_wrapper vc_column-inner\"><div class=\"vc_empty_space\"   style=\"height: 32px\"><span class=\"vc_empty_space_inner\"><\/span><\/div><\/div><\/div><div class=\"vc_column_container col-md-6\"><div class=\"wpb_wrapper vc_column-inner\"><h4  class=\"vc_custom_heading align-left heading-dark\" >\u0130leti\u015fim <strong>Formu<\/strong><\/h4>\n\t<div class=\"wpb_text_column wpb_content_element \" >\n\t\t<div class=\"wpb_wrapper\">\n\t\t\t<div id=\"quform-f13f59\" class=\"quform quform-1 quform-theme-light quform-support-page-caching\"><form id=\"quform-form-f13f59\" class=\"quform-form quform-form-1\" action=\"\/en\/wp-json\/wp\/v2\/pages\/73#quform-f13f59\" method=\"post\" enctype=\"multipart\/form-data\" novalidate=\"novalidate\" data-options=\"{&quot;id&quot;:1,&quot;uniqueId&quot;:&quot;f13f59&quot;,&quot;theme&quot;:&quot;light&quot;,&quot;ajax&quot;:true,&quot;logic&quot;:{&quot;logic&quot;:[],&quot;dependents&quot;:[],&quot;elementIds&quot;:[],&quot;dependentElementIds&quot;:[],&quot;animate&quot;:true},&quot;currentPageId&quot;:1,&quot;errorsIcon&quot;:&quot;&quot;,&quot;updateFancybox&quot;:true,&quot;hasPages&quot;:false,&quot;pages&quot;:[1],&quot;pageProgressType&quot;:&quot;numbers&quot;,&quot;tooltipsEnabled&quot;:true,&quot;tooltipClasses&quot;:&quot;qtip-quform-dark qtip-shadow&quot;,&quot;tooltipMy&quot;:&quot;left center&quot;,&quot;tooltipAt&quot;:&quot;right center&quot;,&quot;isRtl&quot;:false,&quot;scrollOffset&quot;:-50,&quot;scrollSpeed&quot;:800}\"><button class=\"quform-default-submit\" name=\"quform_submit\" type=\"submit\" value=\"submit\" aria-hidden=\"true\" tabindex=\"-1\"><\/button><div class=\"quform-form-inner quform-form-inner-1\"><input type=\"hidden\" name=\"quform_form_id\" value=\"1\" \/><input type=\"hidden\" name=\"quform_form_uid\" value=\"f13f59\" \/><input type=\"hidden\" name=\"quform_count\" value=\"1\" \/><input type=\"hidden\" name=\"form_url\" value=\"https:\/\/www.eksproma.com.tr\/en\/wp-json\/wp\/v2\/pages\/73\" \/><input type=\"hidden\" name=\"referring_url\" value=\"\" \/><input type=\"hidden\" name=\"post_id\" value=\"\" \/><input type=\"hidden\" name=\"post_title\" value=\"\" \/><input type=\"hidden\" name=\"quform_current_page_id\" value=\"1\" \/><input type=\"hidden\" name=\"quform_csrf_token\" value=\"qTjeL1kVM1oUcmYCuuDx4U9h6BhtulhoS0aADQMW\" \/><div class=\"quform-elements quform-elements-1 quform-cf quform-responsive-elements-phone-landscape\"><div class=\"quform-element quform-element-page quform-page-1 quform-page-1_1 quform-cf quform-group-style-plain quform-first-page quform-last-page quform-current-page\"><div class=\"quform-child-elements\"><div class=\"quform-element quform-element-text quform-element-1_12 quform-cf quform-labels-inside quform-element-required\"><div class=\"quform-spacer\"><div class=\"quform-label quform-label-1_12\"><span class=\"quform-label-icon\"><i class=\"fa fa-user\"><\/i><\/span><label class=\"quform-label-text\" for=\"quform_1_12_f13f59\">Ad\u0131n\u0131z Soyad\u0131n\u0131z<span class=\"quform-required\">*<\/span><\/label><\/div><div class=\"quform-inner quform-inner-text quform-inner-1_12\"><div class=\"quform-input quform-input-text quform-input-1_12 quform-cf\"><input type=\"text\" id=\"quform_1_12_f13f59\" name=\"quform_1_12\" class=\"quform-field quform-field-text quform-field-1_12\" \/><\/div><\/div><\/div><\/div><div class=\"quform-element quform-element-row quform-element-row-1_4 quform-2-columns quform-element-row-size-fixed quform-responsive-columns-phone-landscape\"><div class=\"quform-element quform-element-column quform-element-1_5\"><div class=\"quform-element quform-element-email quform-element-1_7 quform-cf quform-labels-inside quform-element-required\"><div class=\"quform-spacer\"><div class=\"quform-label quform-label-1_7\"><span class=\"quform-label-icon\"><i class=\"fa fa-envelope\"><\/i><\/span><label class=\"quform-label-text\" for=\"quform_1_7_f13f59\">E-posta adresiniz<span class=\"quform-required\">*<\/span><\/label><\/div><div class=\"quform-inner quform-inner-email quform-inner-1_7\"><div class=\"quform-input quform-input-email quform-input-1_7 quform-cf\"><input type=\"email\" id=\"quform_1_7_f13f59\" name=\"quform_1_7\" class=\"quform-field quform-field-email quform-field-1_7\" \/><\/div><\/div><\/div><\/div><\/div><div class=\"quform-element quform-element-column quform-element-1_6\"><div class=\"quform-element quform-element-text quform-element-1_8 quform-cf quform-labels-inside quform-element-optional\"><div class=\"quform-spacer\"><div class=\"quform-label quform-label-1_8\"><span class=\"quform-label-icon\"><i class=\"fa fa-phone\"><\/i><\/span><label class=\"quform-label-text\" for=\"quform_1_8_f13f59\">Telefon Numaran\u0131z<\/label><\/div><div class=\"quform-inner quform-inner-text quform-inner-1_8\"><div class=\"quform-input quform-input-text quform-input-1_8 quform-cf\"><input type=\"text\" id=\"quform_1_8_f13f59\" name=\"quform_1_8\" class=\"quform-field quform-field-text quform-field-1_8\" \/><\/div><\/div><\/div><\/div><\/div><\/div><div class=\"quform-element quform-element-textarea quform-element-1_9 quform-cf quform-labels-inside quform-element-required\"><div class=\"quform-spacer\"><div class=\"quform-label quform-label-1_9\"><span class=\"quform-label-icon\"><i class=\"fa fa-pencil-square-o\"><\/i><\/span><label class=\"quform-label-text\" for=\"quform_1_9_f13f59\">Mesaj\u0131n\u0131z<span class=\"quform-required\">*<\/span><\/label><\/div><div class=\"quform-inner quform-inner-textarea quform-inner-1_9\"><div class=\"quform-input quform-input-textarea quform-input-1_9 quform-cf\"><textarea id=\"quform_1_9_f13f59\" name=\"quform_1_9\" class=\"quform-field quform-field-textarea quform-field-1_9\"><\/textarea><\/div><\/div><\/div><\/div><div class=\"quform-element quform-element-captcha quform-element-1_14 quform-cf quform-labels-inside quform-element-required\"><div class=\"quform-spacer\"><div class=\"quform-label quform-label-1_14\"><label class=\"quform-label-text\" for=\"quform_1_14_f13f59\">L\u00fctfen karakterleri yaz\u0131n<span class=\"quform-required\">*<\/span><\/label><\/div><div class=\"quform-inner quform-inner-captcha quform-inner-1_14\"><div class=\"quform-input quform-input-captcha quform-input-1_14 quform-cf\"><input type=\"text\" id=\"quform_1_14_f13f59\" name=\"quform_1_14\" class=\"quform-field quform-field-captcha quform-field-1_14\" \/><\/div><div class=\"quform-captcha quform-cf\"><div class=\"quform-captcha-image quform-captcha-image-1_14\"><img class=\"quform-captcha-image-img\" src=\"data:image\/png;base64,iVBORw0KGgoAAAANSUhEUgAAAOYAAABQBAMAAAD\/1xTgAAAAG1BMVEX\/\/\/8iIiLHx8d0dHQ9PT2srKyQkJBZWVnj4+NZPZ7mAAAACXBIWXMAAA7EAAAOxAGVKw4bAAADgklEQVRoge1Xz1PTQBSOafPj6LNRONIC2qMRnOFIHESPLaDjkcUZ4WgEKceUAeHP9u3bTXeTtruRiehhvwM06ct+r2+\/972N5zk4ODg4ODg4\/NdY3xs9NmUI8OyxOXOAXnurbW6\/swdF0B7n9dcMILHHpe1xHgHBGhdCO5y3p\/u+oHxhjR03C7PgF4oCDojypLAFBxiV2zhj2zKviG2UJ3mDynp9gOfMzBlsA7wxLrIBYoNiXM6uoBh1dszguSEkzPiCx6ZVeGHhZ+HxnbJL44anl5o4Y1rQmJXHeE2\/06cG0sDY18hp8KEIkjPcr5X5b+7vZ3kVpZcZlyoX5IvlpkAGV\/h3Xhp8l5O3M1ZpBRms2jhTKklm4sygoL91StpleK9Sw4Lx3HYtlFiRpLAkR\/kHdWnIXQYqAkdExfUFswnoBx8pOQNnBiPPTylOQxfpkj0QOVMSVNzAInDKij+C4U+XBzFILuZ7hVHLBqVcPVncDsCamXOKpjcYDK\/rnLF+EYkaJtWxnomeCFUTUXG7VhtKoUQy2SrKuz4K8rJQUUeiitUNBdk86ayJqLhPrDaUg4bd8tm8ZvoMegU3VF0cSCCKOlU\/jBe3b7WhDZ1ztXqz3CaURbJGK1Z0lskktWLy4o7tNnS9+fnb1uRCJ+EzMNEnalc0b7e62liqSuPkxW1gQwIohKvBwYwC+zxOlf764geF1aoF2T79n2qmyHjqhg6ocaq9YtQ+Wp8x8eWcKwjoozfSZfEnnMKT7tQtyekv5LzT7YQLy2pDEh0tMhafM3VrXNZ2wTRb54cDdcmql8uxOehXVEobqT08FbK4ma\/a7XZtrnaVFRoRSU+QU6kjdMiUNCLhj3n9FxAjb10FPHQ0OE976BwSI50z2JoxYLV7w9u0tp3xKX9m5aS6mD9sQlnaaanTzrxh9sX3VXHwE+rll0YMC3A4mZArFHQVlh8UfJrOPyr3MLXe2kMZJeKBrEogi5xrG4Om\/6FWxLTcyEE9w4eQi64OzPMBDfJ8cuZxNbfxpiOGU3\/ROU9BiGCHpmFDEzABh9P+8NBynhVix3mTG481TSHfrZRLLEksoyE7bucVXczPlcLCufsSWXd81gpnnKpuXYYuLyl\/cT1vcIZuRHp4cW7p9pDm5MYCr\/iLIPelk5NR360iJI\/g7w\/Hj8YpEX96sOU6ODg4ODg4OPwz\/Abvzoj8O1QU9gAAAABJRU5ErkJggg==\" alt=\"CAPTCHA image\" data-element-id=\"14\" width=\"115\" height=\"40\" \/><\/div><\/div><\/div><\/div><\/div><div class=\"quform-element quform-element-submit quform-element-1_2 quform-cf quform-button-style-theme quform-button-size-medium quform-button-width-medium\"><div class=\"quform-button-submit quform-button-submit-default quform-button-submit-1_2\" data-animation=\"one\"><button name=\"quform_submit\" type=\"submit\" class=\"quform-submit\" value=\"submit\"><span class=\"quform-button-text quform-button-submit-text\">Send<\/span><\/button><\/div><div class=\"quform-loading quform-loading-position-left quform-loading-type-spinner-1\"><div class=\"quform-loading-inner\"><div class=\"quform-loading-spinner\"><div class=\"quform-loading-spinner-inner\"><\/div><\/div><\/div><\/div><\/div><div class=\"quform-element-tree\"><label for=\"quform_1_0_f13f59\">This field should be left blank<\/label><input type=\"text\" id=\"quform_1_0_f13f59\" name=\"quform_1_0\" class=\"quform-field quform-field-tree quform-field-1_0\" tabindex=\"-1\" autocomplete=\"off\" \/><\/div><\/div><\/div><\/div><\/div><\/form><\/div>\n\n\t\t<\/div>\n\t<\/div>\n<\/div><\/div><div class=\"info-box-small vc_column_container col-md-6\"><div class=\"wpb_wrapper vc_column-inner\"><h4  class=\"vc_custom_heading align-left heading-dark\" >Ofis <strong>\u0130leti\u015fim<\/strong><\/h4><div class=\"porto-sicon-box  wpb_custom_1efe903570d178ff0a9b7bfa5febd3a4 style_1 default-icon\"><div class=\"porto-sicon-default\"><div class=\"porto-just-icon-wrapper porto-icon advanced\" style=\"color:#f1b34a;border-style:solid;border-color:#f1b34a;border-width:1px;width:25px;height:25px;line-height:25px;border-radius:25px;font-size:12px;\"><i class=\"fas fa-map-marker-alt\"><\/i><\/div><\/div><div class=\"porto-sicon-header\"><p><strong>Adres:<\/strong> Uzunbey Mah. Reform Sk. No:20 Kartepe \/ KOCAEL\u0130<\/p><\/div> <!-- header --><\/div><!-- porto-sicon-box --><div class=\"porto-sicon-box  wpb_custom_1efe903570d178ff0a9b7bfa5febd3a4 style_1 default-icon\"><div class=\"porto-sicon-default\"><div class=\"porto-just-icon-wrapper porto-icon advanced\" style=\"color:#f1b34a;border-style:solid;border-color:#f1b34a;border-width:1px;width:25px;height:25px;line-height:25px;border-radius:25px;font-size:12px;\"><i class=\"fas fa-phone\"><\/i><\/div><\/div><div class=\"porto-sicon-header\"><p><strong>Telefon<\/strong>: +90 (262) 331 86 14<\/p><\/div> <!-- header --><\/div><!-- porto-sicon-box --><div class=\"porto-sicon-box  wpb_custom_1efe903570d178ff0a9b7bfa5febd3a4 style_1 default-icon\"><div class=\"porto-sicon-default\"><div class=\"porto-just-icon-wrapper porto-icon advanced\" style=\"color:#f1b34a;border-style:solid;border-color:#f1b34a;border-width:1px;width:25px;height:25px;line-height:25px;border-radius:25px;font-size:12px;\"><i class=\"fas fa-envelope\"><\/i><\/div><\/div><div class=\"porto-sicon-header\"><p><strong>Email<\/strong>: info@eksproma.com.tr<\/p><\/div> <!-- header --><\/div><!-- porto-sicon-box --><h4  class=\"vc_custom_heading mt-5 align-left heading-dark\" >\u00c7al\u0131\u015fma <strong>Saatleri<\/strong><\/h4><div class=\"porto-sicon-box  wpb_custom_1efe903570d178ff0a9b7bfa5febd3a4 style_1 default-icon\"><div class=\"porto-sicon-default\"><div class=\"porto-just-icon-wrapper porto-icon none\" style=\"font-size:14px;\"><i class=\"far fa-clock\"><\/i><\/div><\/div><div class=\"porto-sicon-header\"><p>Pazartesi \/ Cuma : 08:00 - 18:00<\/p><\/div> <!-- header --><\/div><!-- porto-sicon-box --><div class=\"porto-sicon-box  wpb_custom_1efe903570d178ff0a9b7bfa5febd3a4 style_1 default-icon\"><div class=\"porto-sicon-default\"><div class=\"porto-just-icon-wrapper porto-icon none\" style=\"font-size:14px;\"><i class=\"far fa-clock\"><\/i><\/div><\/div><div class=\"porto-sicon-header\"><p>Cumartesi \/ Pazar : Kapal\u0131<\/p><\/div> <!-- header --><\/div><!-- porto-sicon-box --><\/div><\/div><\/div><\/div><\/div><div data-vc-full-width=\"true\" data-vc-full-width-init=\"false\" data-vc-stretch-content=\"true\" class=\"vc_row wpb_row row top-row vc_row-no-padding\"><div class=\"vc_column_container col-md-12\"><div class=\"wpb_wrapper vc_column-inner\"><div class=\"wpb_gmaps_widget wpb_content_element\"><div class=\"wpb_wrapper\"><div class=\"wpb_map_wraper\"><iframe src=\"https:\/\/www.google.com\/maps\/embed?pb=!1m14!1m8!1m3!1d1511.031184081086!2d30.048405047926984!3d40.76065296876393!3m2!1i1024!2i768!4f13.1!3m3!1m2!1s0x14cb4f8d67540489%3A0xfd6dc0cb0bafd644!2sEKSPROMA%20A.%C5%9E.!5e0!3m2!1str!2str!4v1688463569388!5m2!1str!2str\" width=\"600\" height=\"450\" style=\"border:0;\" allowfullscreen=\"\" loading=\"lazy\" referrerpolicy=\"no-referrer-when-downgrade\"><\/iframe><\/div><\/div><\/div><\/div><\/div><\/div><div class=\"vc_row-full-width vc_clearfix\"><\/div>\n<\/section>","protected":false},"excerpt":{"rendered":"\u0130leti\u015fim Formu Ad\u0131n\u0131z Soyad\u0131n\u0131z*E-posta adresiniz*Telefon Numaran\u0131zMesaj\u0131n\u0131z*L\u00fctfen karakterleri yaz\u0131n*SendThis field should be left blank Ofis \u0130leti\u015fimAdres: Uzunbey Mah. Reform Sk. No:20 Kartepe \/ KOCAEL\u0130 Telefon: +90 (262) 331 86 14 Email: info@eksproma.com.tr \u00c7al\u0131\u015fma SaatleriPazartesi \/ Cuma : 08:00 - 18:00 Cumartesi \/ Pazar : Kapal\u0131","protected":false},"author":1,"featured_media":0,"parent":0,"menu_order":0,"comment_status":"closed","ping_status":"closed","template":"","meta":[],"_links":{"self":[{"href":"https:\/\/www.eksproma.com.tr\/en\/wp-json\/wp\/v2\/pages\/73"}],"collection":[{"href":"https:\/\/www.eksproma.com.tr\/en\/wp-json\/wp\/v2\/pages"}],"about":[{"href":"https:\/\/www.eksproma.com.tr\/en\/wp-json\/wp\/v2\/types\/page"}],"author":[{"embeddable":true,"href":"https:\/\/www.eksproma.com.tr\/en\/wp-json\/wp\/v2\/users\/1"}],"replies":[{"embeddable":true,"href":"https:\/\/www.eksproma.com.tr\/en\/wp-json\/wp\/v2\/comments?post=73"}],"version-history":[{"count":7,"href":"https:\/\/www.eksproma.com.tr\/en\/wp-json\/wp\/v2\/pages\/73\/revisions"}],"predecessor-version":[{"id":3403,"href":"https:\/\/www.eksproma.com.tr\/en\/wp-json\/wp\/v2\/pages\/73\/revisions\/3403"}],"wp:attachment":[{"href":"https:\/\/www.eksproma.com.tr\/en\/wp-json\/wp\/v2\/media?parent=73"}],"curies":[{"name":"wp","href":"https:\/\/api.w.org\/{rel}","templated":true}]}}