{"id":3367,"date":"2023-07-17T09:48:22","date_gmt":"2023-07-17T06:48:22","guid":{"rendered":"https:\/\/www.eksproma.com.tr\/?post_type=product&#038;p=3367"},"modified":"2023-07-17T09:48:23","modified_gmt":"2023-07-17T06:48:23","slug":"nidec-unidrive-m600","status":"publish","type":"product","link":"https:\/\/www.eksproma.com.tr\/en\/urunler\/suruculer\/ac-suruculer\/nidec-unidrive-m600\/","title":{"rendered":"Nidec Unidrive M600"},"content":{"rendered":"","protected":false},"excerpt":{"rendered":"<p>M600 serisi s\u00fcr\u00fcc\u00fcler, asenkron veya sabit m\u0131knat\u0131sl\u0131 motorlar\u0131n y\u00fcksek performansl\u0131 a\u00e7\u0131k \u00e7evrim kontrol\u00fcn\u00fc gerektiren uygulamalar i\u00e7in m\u00fckemmel bir se\u00e7imdir.<\/p>\n<p>T\u00fcm \u00f6nemli veriyolu ekosistemlerine kolay entegrasyon ve s\u00fcr\u00fcc\u00fcy\u00fc herhangi bir uygulama ihtiyac\u0131na g\u00f6re uyarlamak i\u00e7in kapsaml\u0131 bir opsiyon mod\u00fcl\u00fc yelpazesi mevcuttur.<\/p>","protected":false},"featured_media":3368,"template":"","meta":[],"product_cat":[15,67],"product_tag":[89,88],"_links":{"self":[{"href":"https:\/\/www.eksproma.com.tr\/en\/wp-json\/wp\/v2\/product\/3367"}],"collection":[{"href":"https:\/\/www.eksproma.com.tr\/en\/wp-json\/wp\/v2\/product"}],"about":[{"href":"https:\/\/www.eksproma.com.tr\/en\/wp-json\/wp\/v2\/types\/product"}],"wp:featuredmedia":[{"embeddable":true,"href":"https:\/\/www.eksproma.com.tr\/en\/wp-json\/wp\/v2\/media\/3368"}],"wp:attachment":[{"href":"https:\/\/www.eksproma.com.tr\/en\/wp-json\/wp\/v2\/media?parent=3367"}],"wp:term":[{"taxonomy":"product_cat","embeddable":true,"href":"https:\/\/www.eksproma.com.tr\/en\/wp-json\/wp\/v2\/product_cat?post=3367"},{"taxonomy":"product_tag","embeddable":true,"href":"https:\/\/www.eksproma.com.tr\/en\/wp-json\/wp\/v2\/product_tag?post=3367"}],"curies":[{"name":"wp","href":"https:\/\/api.w.org\/{rel}","templated":true}]}}