{"id":3369,"date":"2023-07-17T09:53:10","date_gmt":"2023-07-17T06:53:10","guid":{"rendered":"https:\/\/www.eksproma.com.tr\/?post_type=product&#038;p=3369"},"modified":"2023-07-17T09:53:11","modified_gmt":"2023-07-17T06:53:11","slug":"nidec-mentor-mp","status":"publish","type":"product","link":"https:\/\/www.eksproma.com.tr\/en\/urunler\/suruculer\/dc-suruculer\/nidec-mentor-mp\/","title":{"rendered":"Nidec Mentor MP"},"content":{"rendered":"","protected":false},"excerpt":{"rendered":"<p>DC s\u00fcr\u00fcc\u00fc teknolojisinde bir d\u00fcnya lideri olarak, yenilik\u00e7i \u00fcr\u00fcnlerimiz performans, g\u00fcvenilirlik ve enerji verimlili\u011fi gerektiren \u00e7o\u011fu zorlu uygulamada kullan\u0131lmaktad\u0131r.<\/p>\n<p>Mentor MP, d\u00fcnyan\u0131n \u00f6nde gelen ak\u0131ll\u0131 AC s\u00fcr\u00fcc\u00fc teknolojisinin kontrol platformunu entegre ederek onu mevcut en geli\u015fmi\u015f DC s\u00fcr\u00fcc\u00fc haline getirir. Optimum performans ve esnek sistem aray\u00fcz \u00f6zelli\u011fi ile Mentor MP s\u00fcr\u00fcc\u00fc, motor performans\u0131n\u0131 en \u00fcst d\u00fczeye \u00e7\u0131karman\u0131za ve sistem g\u00fcvenilirli\u011fini art\u0131rman\u0131za olanak sa\u011flar. Ethernet ve end\u00fcstriyel haberle\u015fme a\u011flar\u0131n\u0131 kullanarak modern kontrol ekipmanlar\u0131yla dijital olarak aray\u00fcz olu\u015fturur S\u00fcr\u00fcc\u00fc, Mentor II ve daha g\u00fc\u00e7l\u00fc donan\u0131mlardan kolay yenilenme imkan\u0131 sa\u011flayacak \u015fekilde tasarlanm\u0131\u015ft\u0131r.<\/p>","protected":false},"featured_media":3370,"template":"","meta":[],"product_cat":[15,68],"product_tag":[91,90,89],"_links":{"self":[{"href":"https:\/\/www.eksproma.com.tr\/en\/wp-json\/wp\/v2\/product\/3369"}],"collection":[{"href":"https:\/\/www.eksproma.com.tr\/en\/wp-json\/wp\/v2\/product"}],"about":[{"href":"https:\/\/www.eksproma.com.tr\/en\/wp-json\/wp\/v2\/types\/product"}],"wp:featuredmedia":[{"embeddable":true,"href":"https:\/\/www.eksproma.com.tr\/en\/wp-json\/wp\/v2\/media\/3370"}],"wp:attachment":[{"href":"https:\/\/www.eksproma.com.tr\/en\/wp-json\/wp\/v2\/media?parent=3369"}],"wp:term":[{"taxonomy":"product_cat","embeddable":true,"href":"https:\/\/www.eksproma.com.tr\/en\/wp-json\/wp\/v2\/product_cat?post=3369"},{"taxonomy":"product_tag","embeddable":true,"href":"https:\/\/www.eksproma.com.tr\/en\/wp-json\/wp\/v2\/product_tag?post=3369"}],"curies":[{"name":"wp","href":"https:\/\/api.w.org\/{rel}","templated":true}]}}