{"id":3373,"date":"2023-07-17T10:11:57","date_gmt":"2023-07-17T07:11:57","guid":{"rendered":"https:\/\/www.eksproma.com.tr\/?post_type=product&#038;p=3373"},"modified":"2023-07-17T10:11:57","modified_gmt":"2023-07-17T07:11:57","slug":"leroy-somer-unimotor-hd","status":"publish","type":"product","link":"https:\/\/www.eksproma.com.tr\/en\/urunler\/motorlar\/servo-motorlar\/leroy-somer-unimotor-hd\/","title":{"rendered":"Leroy Somer Unimotor hd"},"content":{"rendered":"","protected":false},"excerpt":{"rendered":"<p>Unimotor hd, 55mm ile 190mm aras\u0131 \u015fasili y\u00fcksek dinamik f\u0131r\u00e7as\u0131z AC servo motor serisidir.<\/p>\n<p>Unimotor hd y\u00fcksek pik tork, d\u00fc\u015f\u00fck eylemsizlik motor serisidir. Motor, a\u015fa\u011f\u0131dakiler gibi ani h\u0131zlanma ve yava\u015flama gerektiren son derece dinamik uygulamalar i\u00e7in tasarlanm\u0131\u015ft\u0131r:<\/p>\n<ul>\n<li>D\u00f6ner makas<\/li>\n<li>Alma ve yerle\u015ftirme<\/li>\n<li>Boya g\u00f6re kesme<\/li>\n<li>End\u00fcstriyel robotik<\/li>\n<\/ul>\n<p>Unimotor hd motorlar,\u00a0<a href=\"https:\/\/acim.nidec.com\/tr-tr\/motors\/leroy-somer\/products\/ac-drives\/unidrivem\"><strong>Unidrive M<\/strong>\u00a0<\/a>ve\u00a0<strong><a href=\"https:\/\/acim.nidec.com\/sitecore\/service\/notfound.aspx?item=web%3a%7b3D96BAB7-C5CD-46D6-8A38-3310DBB29A13%7d%40tr-TR\">Digitax ST<\/a><\/strong>\u00a0servo s\u00fcr\u00fcc\u00fclere m\u00fckemmel uygunluktad\u0131r.<\/p>","protected":false},"featured_media":3374,"template":"","meta":[],"product_cat":[71,75],"product_tag":[96,97,98],"_links":{"self":[{"href":"https:\/\/www.eksproma.com.tr\/en\/wp-json\/wp\/v2\/product\/3373"}],"collection":[{"href":"https:\/\/www.eksproma.com.tr\/en\/wp-json\/wp\/v2\/product"}],"about":[{"href":"https:\/\/www.eksproma.com.tr\/en\/wp-json\/wp\/v2\/types\/product"}],"wp:featuredmedia":[{"embeddable":true,"href":"https:\/\/www.eksproma.com.tr\/en\/wp-json\/wp\/v2\/media\/3374"}],"wp:attachment":[{"href":"https:\/\/www.eksproma.com.tr\/en\/wp-json\/wp\/v2\/media?parent=3373"}],"wp:term":[{"taxonomy":"product_cat","embeddable":true,"href":"https:\/\/www.eksproma.com.tr\/en\/wp-json\/wp\/v2\/product_cat?post=3373"},{"taxonomy":"product_tag","embeddable":true,"href":"https:\/\/www.eksproma.com.tr\/en\/wp-json\/wp\/v2\/product_tag?post=3373"}],"curies":[{"name":"wp","href":"https:\/\/api.w.org\/{rel}","templated":true}]}}