{"id":3377,"date":"2023-07-17T11:02:24","date_gmt":"2023-07-17T08:02:24","guid":{"rendered":"https:\/\/www.eksproma.com.tr\/?post_type=product&#038;p=3377"},"modified":"2023-07-31T14:07:07","modified_gmt":"2023-07-31T11:07:07","slug":"leroy-somer-lses","status":"publish","type":"product","link":"https:\/\/www.eksproma.com.tr\/en\/urunler\/motorlar\/asenkron-motorlar\/leroy-somer-lses\/","title":{"rendered":"Nidec Leroy Somer LSES"},"content":{"rendered":"","protected":false},"excerpt":{"rendered":"<p><strong>Al\u00fcminyum g\u00f6vde \u00fc\u00e7 fazl\u0131 asenkron y\u00fcksek verimlilikli IE3 motorlar.<\/strong><\/p>\n<p>Y\u00fcksek diren\u00e7: Al\u00fcminyum g\u00f6vdeli IP 55 motorlar.<\/p>\n<p>Y\u00fcksek verim: Talebe ba\u011fl\u0131 olarak IE3 s\u0131n\u0131f\u0131.<\/p>\n<p>Kompakt: Yer kazanc\u0131.<\/p>\n<p>Genel kullan\u0131m.<\/p>","protected":false},"featured_media":3378,"template":"","meta":[],"product_cat":[71,99],"product_tag":[101,96,100,89],"_links":{"self":[{"href":"https:\/\/www.eksproma.com.tr\/en\/wp-json\/wp\/v2\/product\/3377"}],"collection":[{"href":"https:\/\/www.eksproma.com.tr\/en\/wp-json\/wp\/v2\/product"}],"about":[{"href":"https:\/\/www.eksproma.com.tr\/en\/wp-json\/wp\/v2\/types\/product"}],"wp:featuredmedia":[{"embeddable":true,"href":"https:\/\/www.eksproma.com.tr\/en\/wp-json\/wp\/v2\/media\/3378"}],"wp:attachment":[{"href":"https:\/\/www.eksproma.com.tr\/en\/wp-json\/wp\/v2\/media?parent=3377"}],"wp:term":[{"taxonomy":"product_cat","embeddable":true,"href":"https:\/\/www.eksproma.com.tr\/en\/wp-json\/wp\/v2\/product_cat?post=3377"},{"taxonomy":"product_tag","embeddable":true,"href":"https:\/\/www.eksproma.com.tr\/en\/wp-json\/wp\/v2\/product_tag?post=3377"}],"curies":[{"name":"wp","href":"https:\/\/api.w.org\/{rel}","templated":true}]}}