{"id":3447,"date":"2023-08-03T12:02:34","date_gmt":"2023-08-03T09:02:34","guid":{"rendered":"https:\/\/www.eksproma.com.tr\/urunler\/kategorilenmemis\/nidec-leroy-somer-lses-lses132-motor\/"},"modified":"2023-08-03T12:29:17","modified_gmt":"2023-08-03T09:29:17","slug":"nidec-leroy-somer-lses-lses132-motor","status":"publish","type":"product","link":"https:\/\/www.eksproma.com.tr\/en\/urunler\/motorlar\/ac-motorlar\/nidec-leroy-somer-lses-lses132-motor\/","title":{"rendered":"Nidec Leroy Somer LSES LSES132 Motor"},"content":{"rendered":"<p>Can be ordered in following configurations :<\/p>\n<ul>\n<li>LSES132 &#8211; 3kW &#8211; 6P 1000RPM<\/li>\n<li>LSES132 &#8211; 4kW &#8211; 6P 1000RPM<\/li>\n<li>LSES132 &#8211; 5.5kW &#8211; 2P 3000RPM<\/li>\n<li>LSES132 &#8211; 5.5kW &#8211; 4P 1500RPM<\/li>\n<li>LSES132 &#8211; 5.5kW &#8211; 6P 1000RPM<\/li>\n<li>LSES132 &#8211; 7.5kW &#8211; 2P 3000RPM<\/li>\n<li>LSES132 &#8211; 7.5kW &#8211; 4P 1500RPM<\/li>\n<li>LSES132 &#8211; 9kW &#8211; 2P 3000RPM<\/li>\n<li>LSES132 &#8211; 11kW &#8211; 2P 3000RPM<\/li>\n<\/ul>\n<p>Please reach out regarding sizing and order information.<\/p>","protected":false},"excerpt":{"rendered":"<ul>\n<li>Y\u00fcksek diren\u00e7li: IP 55 al\u00fcminyum g\u00f6vdeli motorlar.<\/li>\n<li>Premium verimlilik: IE3 s\u0131n\u0131f\u0131, do\u011frudan hat ve invert\u00f6rlerde, NEMA Premium.<\/li>\n<li>Kompakt: Yer tasarrufu sa\u011flay\u0131n.<\/li>\n<li>Geni\u015f uygulama yelpazesi.<\/li>\n<li>K\u0131sa termin s\u00fcresi.<\/li>\n<\/ul>","protected":false},"featured_media":3421,"template":"","meta":[],"product_cat":[71,72,99],"product_tag":[101,96,110,89],"_links":{"self":[{"href":"https:\/\/www.eksproma.com.tr\/en\/wp-json\/wp\/v2\/product\/3447"}],"collection":[{"href":"https:\/\/www.eksproma.com.tr\/en\/wp-json\/wp\/v2\/product"}],"about":[{"href":"https:\/\/www.eksproma.com.tr\/en\/wp-json\/wp\/v2\/types\/product"}],"wp:featuredmedia":[{"embeddable":true,"href":"https:\/\/www.eksproma.com.tr\/en\/wp-json\/wp\/v2\/media\/3421"}],"wp:attachment":[{"href":"https:\/\/www.eksproma.com.tr\/en\/wp-json\/wp\/v2\/media?parent=3447"}],"wp:term":[{"taxonomy":"product_cat","embeddable":true,"href":"https:\/\/www.eksproma.com.tr\/en\/wp-json\/wp\/v2\/product_cat?post=3447"},{"taxonomy":"product_tag","embeddable":true,"href":"https:\/\/www.eksproma.com.tr\/en\/wp-json\/wp\/v2\/product_tag?post=3447"}],"curies":[{"name":"wp","href":"https:\/\/api.w.org\/{rel}","templated":true}]}}